{"id":21,"date":"2023-02-14T08:23:17","date_gmt":"2023-02-14T07:23:17","guid":{"rendered":"http:\/\/www.top-reinigung.fr\/index.php\/home\/"},"modified":"2023-02-23T10:27:30","modified_gmt":"2023-02-23T09:27:30","slug":"home","status":"publish","type":"page","link":"https:\/\/www.top-reinigung.fr\/index.php\/home\/","title":{"rendered":"Top-Reinigung"},"content":{"rendered":"\n<p>En D\u00e9cembre 2022, nous avons cr\u00e9\u00e9 une nouvelle entreprise avec une mission simple : un travail bien fait pour un client satisfait. C&rsquo;est ainsi que Top-Reinigung a d\u00e9but\u00e9 avec seulement trois employ\u00e9s et une poign\u00e9e d&rsquo;id\u00e9es sur la fa\u00e7on de faire la diff\u00e9rence. <\/p>\n\n\n\n<p>Forts d&rsquo;une exp\u00e9rience de plus de 10 ans dans le nettoyage et dans les espaces verts, nous pouvons r\u00e9pondre \u00e0 toutes vos demandes.<\/p>\n\n\n\n<p>Top-Reinigung s&rsquo;engage fortement sur l&rsquo;utilisation de produit \u00e9cologique ou de mat\u00e9riel ayant un impact minime sur notre plan\u00e8te . Nous pensons qu&rsquo;en fournissant \u00e0 nos clients des produits et des services innovants, nous pouvons les aider \u00e0 r\u00e9duire leur impact environnemental. Notre \u00e9quipe poss\u00e8de une connaissance approfondie de son m\u00e9tier et de l&rsquo;utilisation des techniques de nettoyage. Nous sommes toujours \u00e0 la recherche de nouvelles fa\u00e7ons d&rsquo;am\u00e9liorer nos offres et de faire une diff\u00e9rence.<\/p>\n\n\n\n<p>Particuliers ou professionnels, notre entreprise intervient dans les secteurs du Tarn et de la Haute Garonne.<\/p>\n\n\n\n<p>Un accueil t\u00e9l\u00e9phonique&nbsp;du<strong>&nbsp;lundi au vendredi de 09:00 \u00e0 17:00<\/strong> est \u00e0 votre disposition. En dehors de ces horaires nous trouverons toujours un cr\u00e9neau pour vous rencontrer.<\/p>\n\n\n\n<p><strong>Contactez TOP-REINIGUNG<\/strong>, une soci\u00e9t\u00e9 locale, familiale et professionnelle.<\/p>\n\n\n\n<p>Bien \u00e0 vous,<\/p>\n\n\n\n<p>Bonaventure Bruno et Cancian Mickael.<\/p>\n","protected":false},"excerpt":{"rendered":"<p>En D\u00e9cembre 2022, nous avons cr\u00e9\u00e9 une nouvelle entreprise avec une mission simple : un travail bien fait pour un client satisfait. C&rsquo;est ainsi que Top-Reinigung a d\u00e9but\u00e9 avec seulement trois employ\u00e9s et une poign\u00e9e d&rsquo;id\u00e9es sur la fa\u00e7on de faire la diff\u00e9rence. Forts d&rsquo;une exp\u00e9rience de plus de 10 ans dans le nettoyage et [&hellip;]<\/p>\n","protected":false},"author":1,"featured_media":0,"parent":0,"menu_order":0,"comment_status":"closed","ping_status":"closed","template":"","meta":{"footnotes":""},"class_list":["post-21","page","type-page","status-publish","hentry"],"_links":{"self":[{"href":"https:\/\/www.top-reinigung.fr\/index.php\/wp-json\/wp\/v2\/pages\/21","targetHints":{"allow":["GET"]}}],"collection":[{"href":"https:\/\/www.top-reinigung.fr\/index.php\/wp-json\/wp\/v2\/pages"}],"about":[{"href":"https:\/\/www.top-reinigung.fr\/index.php\/wp-json\/wp\/v2\/types\/page"}],"author":[{"embeddable":true,"href":"https:\/\/www.top-reinigung.fr\/index.php\/wp-json\/wp\/v2\/users\/1"}],"replies":[{"embeddable":true,"href":"https:\/\/www.top-reinigung.fr\/index.php\/wp-json\/wp\/v2\/comments?post=21"}],"version-history":[{"count":4,"href":"https:\/\/www.top-reinigung.fr\/index.php\/wp-json\/wp\/v2\/pages\/21\/revisions"}],"predecessor-version":[{"id":371,"href":"https:\/\/www.top-reinigung.fr\/index.php\/wp-json\/wp\/v2\/pages\/21\/revisions\/371"}],"wp:attachment":[{"href":"https:\/\/www.top-reinigung.fr\/index.php\/wp-json\/wp\/v2\/media?parent=21"}],"curies":[{"name":"wp","href":"https:\/\/api.w.org\/{rel}","templated":true}]}}